{"id":61,"date":"2016-10-12T12:31:46","date_gmt":"2016-10-12T15:31:46","guid":{"rendered":"http:\/\/jota.com.br\/jota\/?page_id=61"},"modified":"2016-10-12T12:31:46","modified_gmt":"2016-10-12T15:31:46","slug":"blog","status":"publish","type":"page","link":"http:\/\/jota.com.br\/jota\/blog\/","title":{"rendered":"BLOG"},"content":{"rendered":"<div id=\"pl-61\"  class=\"panel-layout\" ><div id=\"pg-61-0\"  class=\"panel-grid panel-no-style\" ><div id=\"pgc-61-0-0\"  class=\"panel-grid-cell\" ><div id=\"panel-61-0-0-0\" class=\"so-panel widget widget_siteorigin-panels-postloop panel-first-child panel-last-child\" data-index=\"0\" >\n\t\t\n\t\t\n<article id=\"post-366\" class=\"post-366 post type-post status-publish format-standard has-post-thumbnail hentry category-sem-categoria post-with-thumbnail post-with-thumbnail-large\">\n\n\t\n\t<div class=\"entry-main\">\n\n\t\t\n\t\t<header class=\"entry-header\">\n\t\t\t\t\t\t\t<div class=\"entry-thumbnail\">\n\t\t\t\t\t<a href=\"http:\/\/jota.com.br\/jota\/2022\/09\/26\/design-para-redes-sociais\/\"><img loading=\"lazy\" decoding=\"async\" width=\"431\" height=\"380\" src=\"http:\/\/jota.com.br\/jota\/wp-content\/uploads\/2022\/09\/sm-431x380.jpg\" class=\"attachment-post-thumbnail size-post-thumbnail wp-post-image\" alt=\"\" \/><\/a>\n\t\t\t\t<\/div>\n\t\t\t\n\t\t\t<h1 class=\"entry-title\"><a href=\"http:\/\/jota.com.br\/jota\/2022\/09\/26\/design-para-redes-sociais\/\" title=\"Permalink to Design para Redes Sociais\" rel=\"bookmark\">Design para Redes Sociais<\/a><\/h1>\n\n\t\t\t\t\t\t\t<div class=\"entry-meta\">\n\t\t\t\t\tPosted on <a href=\"http:\/\/jota.com.br\/jota\/2022\/09\/26\/design-para-redes-sociais\/\" title=\"16:16\" rel=\"bookmark\"><time class=\"entry-date\" datetime=\"2022-09-26T16:16:42-03:00\">26 de setembro de 2022<\/time><\/a><time class=\"updated\" datetime=\"2022-09-26T16:16:42-03:00\">26 de setembro de 2022<\/time>   | <span class=\"comments-link\"><a href=\"http:\/\/jota.com.br\/jota\/2022\/09\/26\/design-para-redes-sociais\/#respond\">Nenhum coment\u00e1rio<\/a><\/span>\t\t\t\t<\/div><!-- .entry-meta -->\n\t\t\t\n\t\t<\/header><!-- .entry-header -->\n\n\t\t\t\t\t<div class=\"entry-content\">\n\t\t\t\t<p>Voc\u00ea sabe o que Design para Redes Sociais? Design para rede social, ou Social Media Design, \u00e9 a aplica\u00e7\u00e3o do design digital, oriundo do design gr\u00e1fico, para a cria\u00e7\u00e3o de artes e conte\u00fado para as m\u00eddias sociais como Facebook, Instagram, Youtube, Linkedin, Twitter e etc. Na foto arte criada pela Jota para @vetsportmedequina.<\/p>\n\t\t\t\t\t\t\t\t<a class=\"more-link\" href=\"http:\/\/jota.com.br\/jota\/2022\/09\/26\/design-para-redes-sociais\/\">Leia mais...<span class=\"meta-nav\">&rarr;<\/span><\/a>\t\t\t\t\t\t\t<\/div><!-- .entry-content -->\n\t\t\n\t\t\n\t<\/div>\n\n<\/article><!-- #post-366 -->\n\n\t\n\t\t\n<article id=\"post-306\" class=\"post-306 post type-post status-publish format-standard has-post-thumbnail hentry category-fotografia tag-fotografia post-with-thumbnail post-with-thumbnail-large\">\n\n\t\n\t<div class=\"entry-main\">\n\n\t\t\n\t\t<header class=\"entry-header\">\n\t\t\t\t\t\t\t<div class=\"entry-thumbnail\">\n\t\t\t\t\t<a href=\"http:\/\/jota.com.br\/jota\/2017\/04\/24\/horsepix-ensaio-fotografico-com-cavalos\/\"><img loading=\"lazy\" decoding=\"async\" width=\"720\" height=\"380\" src=\"http:\/\/jota.com.br\/jota\/wp-content\/uploads\/2017\/04\/IMG_6060-720x380.jpg\" class=\"attachment-post-thumbnail size-post-thumbnail wp-post-image\" alt=\"\" \/><\/a>\n\t\t\t\t<\/div>\n\t\t\t\n\t\t\t<h1 class=\"entry-title\"><a href=\"http:\/\/jota.com.br\/jota\/2017\/04\/24\/horsepix-ensaio-fotografico-com-cavalos\/\" title=\"Permalink to Horse&#038;Pix Ensaio fotogr\u00e1fico com cavalos\" rel=\"bookmark\">Horse&#038;Pix Ensaio fotogr\u00e1fico com cavalos<\/a><\/h1>\n\n\t\t\t\t\t\t\t<div class=\"entry-meta\">\n\t\t\t\t\tPosted on <a href=\"http:\/\/jota.com.br\/jota\/2017\/04\/24\/horsepix-ensaio-fotografico-com-cavalos\/\" title=\"19:14\" rel=\"bookmark\"><time class=\"entry-date\" datetime=\"2017-04-24T19:14:39-03:00\">24 de abril de 2017<\/time><\/a><time class=\"updated\" datetime=\"2017-04-24T19:14:39-03:00\">24 de abril de 2017<\/time>   | <span class=\"comments-link\"><a href=\"http:\/\/jota.com.br\/jota\/2017\/04\/24\/horsepix-ensaio-fotografico-com-cavalos\/#respond\">Nenhum coment\u00e1rio<\/a><\/span>\t\t\t\t<\/div><!-- .entry-meta -->\n\t\t\t\n\t\t<\/header><!-- .entry-header -->\n\n\t\t\t\t\t<div class=\"entry-content\">\n\t\t\t\t<p>Horse&amp;Pix \u00e9 um novo produto da Jota Design. Ensaio fotogr\u00e1fico com cavalos, com produ\u00e7\u00e3o e dire\u00e7\u00e3o. Nossa equipe escolhe os looks, faz maquiagem e cabelo. O cavalo pode ser pr\u00f3prio ou locado.\u00a0Mesmo que a cliente n\u00e3o tenha um cavalo, a Jota Design sede um animal para o ensaio ficar completo. Fotografia por JuRibas, dire\u00e7\u00e3o e [&hellip;]<\/p>\n\t\t\t\t\t\t\t\t<a class=\"more-link\" href=\"http:\/\/jota.com.br\/jota\/2017\/04\/24\/horsepix-ensaio-fotografico-com-cavalos\/\">Leia mais...<span class=\"meta-nav\">&rarr;<\/span><\/a>\t\t\t\t\t\t\t<\/div><!-- .entry-content -->\n\t\t\n\t\t\n\t<\/div>\n\n<\/article><!-- #post-306 -->\n\n\t\n\t\t\n<article id=\"post-296\" class=\"post-296 post type-post status-publish format-standard has-post-thumbnail hentry category-branding category-design-grafico post-with-thumbnail post-with-thumbnail-large\">\n\n\t\n\t<div class=\"entry-main\">\n\n\t\t\n\t\t<header class=\"entry-header\">\n\t\t\t\t\t\t\t<div class=\"entry-thumbnail\">\n\t\t\t\t\t<a href=\"http:\/\/jota.com.br\/jota\/2017\/04\/17\/logo-para-assessoria-equestre-4-riders\/\"><img loading=\"lazy\" decoding=\"async\" width=\"720\" height=\"380\" src=\"http:\/\/jota.com.br\/jota\/wp-content\/uploads\/2017\/04\/4riders_logo_hor1-720x380.jpg\" class=\"attachment-post-thumbnail size-post-thumbnail wp-post-image\" alt=\"\" \/><\/a>\n\t\t\t\t<\/div>\n\t\t\t\n\t\t\t<h1 class=\"entry-title\"><a href=\"http:\/\/jota.com.br\/jota\/2017\/04\/17\/logo-para-assessoria-equestre-4-riders\/\" title=\"Permalink to Logo para assessoria equestre 4Riders\" rel=\"bookmark\">Logo para assessoria equestre 4Riders<\/a><\/h1>\n\n\t\t\t\t\t\t\t<div class=\"entry-meta\">\n\t\t\t\t\tPosted on <a href=\"http:\/\/jota.com.br\/jota\/2017\/04\/17\/logo-para-assessoria-equestre-4-riders\/\" title=\"21:15\" rel=\"bookmark\"><time class=\"entry-date\" datetime=\"2017-04-17T21:15:47-03:00\">17 de abril de 2017<\/time><\/a><time class=\"updated\" datetime=\"2017-04-17T21:19:25-03:00\">17 de abril de 2017<\/time>   | <span class=\"comments-link\"><a href=\"http:\/\/jota.com.br\/jota\/2017\/04\/17\/logo-para-assessoria-equestre-4-riders\/#comments\">1 coment\u00e1rio<\/a><\/span>\t\t\t\t<\/div><!-- .entry-meta -->\n\t\t\t\n\t\t<\/header><!-- .entry-header -->\n\n\t\t\t\t\t<div class=\"entry-content\">\n\t\t\t\t<p>A Jota Design j\u00e1 criou muitas logos para neg\u00f3cios do meio equestre. A \u00faltima foi a logo para a Assessoria Equestre 4Riders. Com cores fortes e fonte clara a logo tem 4 siluetas de cavalos por conta do nome 4Riders.<\/p>\n\t\t\t\t\t\t\t\t<a class=\"more-link\" href=\"http:\/\/jota.com.br\/jota\/2017\/04\/17\/logo-para-assessoria-equestre-4-riders\/\">Leia mais...<span class=\"meta-nav\">&rarr;<\/span><\/a>\t\t\t\t\t\t\t<\/div><!-- .entry-content -->\n\t\t\n\t\t\n\t<\/div>\n\n<\/article><!-- #post-296 -->\n\n\t\n\t\t\n<article id=\"post-260\" class=\"post-260 post type-post status-publish format-standard has-post-thumbnail hentry category-design-grafico post-with-thumbnail post-with-thumbnail-large\">\n\n\t\n\t<div class=\"entry-main\">\n\n\t\t\n\t\t<header class=\"entry-header\">\n\t\t\t\t\t\t\t<div class=\"entry-thumbnail\">\n\t\t\t\t\t<a href=\"http:\/\/jota.com.br\/jota\/2016\/11\/08\/logos-que-escondem-elementos\/\"><img loading=\"lazy\" decoding=\"async\" width=\"508\" height=\"210\" src=\"http:\/\/jota.com.br\/jota\/wp-content\/uploads\/2016\/11\/hyundai.jpg\" class=\"attachment-post-thumbnail size-post-thumbnail wp-post-image\" alt=\"\" srcset=\"http:\/\/jota.com.br\/jota\/wp-content\/uploads\/2016\/11\/hyundai.jpg 508w, http:\/\/jota.com.br\/jota\/wp-content\/uploads\/2016\/11\/hyundai-300x124.jpg 300w\" sizes=\"auto, (max-width: 508px) 100vw, 508px\" \/><\/a>\n\t\t\t\t<\/div>\n\t\t\t\n\t\t\t<h1 class=\"entry-title\"><a href=\"http:\/\/jota.com.br\/jota\/2016\/11\/08\/logos-que-escondem-elementos\/\" title=\"Permalink to Logos que escondem elementos\" rel=\"bookmark\">Logos que escondem elementos<\/a><\/h1>\n\n\t\t\t\t\t\t\t<div class=\"entry-meta\">\n\t\t\t\t\tPosted on <a href=\"http:\/\/jota.com.br\/jota\/2016\/11\/08\/logos-que-escondem-elementos\/\" title=\"17:12\" rel=\"bookmark\"><time class=\"entry-date\" datetime=\"2016-11-08T17:12:40-02:00\">8 de novembro de 2016<\/time><\/a><time class=\"updated\" datetime=\"2016-11-08T17:12:40-02:00\">8 de novembro de 2016<\/time>   | <span class=\"comments-link\"><a href=\"http:\/\/jota.com.br\/jota\/2016\/11\/08\/logos-que-escondem-elementos\/#respond\">Nenhum coment\u00e1rio<\/a><\/span>\t\t\t\t<\/div><!-- .entry-meta -->\n\t\t\t\n\t\t<\/header><!-- .entry-header -->\n\n\t\t\t\t\t<div class=\"entry-content\">\n\t\t\t\t<p>Algumas logos tem elementos escondidos que tem rela\u00e7\u00e3o com a atividade da empresa. Vejam abaixo uma colet\u00e2nea de logos que mostram isso. &nbsp; &nbsp; &nbsp; &nbsp; &nbsp; &nbsp;<\/p>\n\t\t\t\t\t\t\t\t<a class=\"more-link\" href=\"http:\/\/jota.com.br\/jota\/2016\/11\/08\/logos-que-escondem-elementos\/\">Leia mais...<span class=\"meta-nav\">&rarr;<\/span><\/a>\t\t\t\t\t\t\t<\/div><!-- .entry-content -->\n\t\t\n\t\t\n\t<\/div>\n\n<\/article><!-- #post-260 -->\n\n\t\n\t\t\n<article id=\"post-251\" class=\"post-251 post type-post status-publish format-standard has-post-thumbnail hentry category-arte post-with-thumbnail post-with-thumbnail-large\">\n\n\t\n\t<div class=\"entry-main\">\n\n\t\t\n\t\t<header class=\"entry-header\">\n\t\t\t\t\t\t\t<div class=\"entry-thumbnail\">\n\t\t\t\t\t<a href=\"http:\/\/jota.com.br\/jota\/2016\/10\/17\/arte-em-faixas-de-pedestres\/\"><img loading=\"lazy\" decoding=\"async\" width=\"720\" height=\"380\" src=\"http:\/\/jota.com.br\/jota\/wp-content\/uploads\/2016\/10\/faixa1-720x380.jpg\" class=\"attachment-post-thumbnail size-post-thumbnail wp-post-image\" alt=\"arte\" \/><\/a>\n\t\t\t\t<\/div>\n\t\t\t\n\t\t\t<h1 class=\"entry-title\"><a href=\"http:\/\/jota.com.br\/jota\/2016\/10\/17\/arte-em-faixas-de-pedestres\/\" title=\"Permalink to Arte em faixas de pedestres\" rel=\"bookmark\">Arte em faixas de pedestres<\/a><\/h1>\n\n\t\t\t\t\t\t\t<div class=\"entry-meta\">\n\t\t\t\t\tPosted on <a href=\"http:\/\/jota.com.br\/jota\/2016\/10\/17\/arte-em-faixas-de-pedestres\/\" title=\"11:02\" rel=\"bookmark\"><time class=\"entry-date\" datetime=\"2016-10-17T11:02:21-02:00\">17 de outubro de 2016<\/time><\/a><time class=\"updated\" datetime=\"2016-10-17T11:10:36-02:00\">17 de outubro de 2016<\/time>   | <span class=\"comments-link\"><a href=\"http:\/\/jota.com.br\/jota\/2016\/10\/17\/arte-em-faixas-de-pedestres\/#respond\">Nenhum coment\u00e1rio<\/a><\/span>\t\t\t\t<\/div><!-- .entry-meta -->\n\t\t\t\n\t\t<\/header><!-- .entry-header -->\n\n\t\t\t\t\t<div class=\"entry-content\">\n\t\t\t\t<p>O artista Christo Guelov colore faixas de pedestres em Madri. O artista b\u00falgaro Christo Guelov criou desenhos coloridos\u00a0nas faixas de pedestres da capital da Espanha.\u00a0As obras no asfalto, que fazem parte da\u00a0s\u00e9rie Funnycross, contam com\u00a0muitas formas geom\u00e9tricas e cor. A ideia n\u00e3o \u00e9 s\u00f3 colorir a cidade, mas tamb\u00e9m chamar a aten\u00e7\u00e3o dos pedestres que [&hellip;]<\/p>\n\t\t\t\t\t\t\t\t<a class=\"more-link\" href=\"http:\/\/jota.com.br\/jota\/2016\/10\/17\/arte-em-faixas-de-pedestres\/\">Leia mais...<span class=\"meta-nav\">&rarr;<\/span><\/a>\t\t\t\t\t\t\t<\/div><!-- .entry-content -->\n\t\t\n\t\t\n\t<\/div>\n\n<\/article><!-- #post-251 -->\n\n\t\n\t\t\n<article id=\"post-243\" class=\"post-243 post type-post status-publish format-standard has-post-thumbnail hentry category-design-grafico post-with-thumbnail post-with-thumbnail-large\">\n\n\t\n\t<div class=\"entry-main\">\n\n\t\t\n\t\t<header class=\"entry-header\">\n\t\t\t\t\t\t\t<div class=\"entry-thumbnail\">\n\t\t\t\t\t<a href=\"http:\/\/jota.com.br\/jota\/2016\/10\/12\/a-importancia-de-um-bom-cartao-de-visitas-para-sua-empresa\/\"><img loading=\"lazy\" decoding=\"async\" width=\"592\" height=\"374\" src=\"http:\/\/jota.com.br\/jota\/wp-content\/uploads\/2016\/10\/cartaovisita.jpg\" class=\"attachment-post-thumbnail size-post-thumbnail wp-post-image\" alt=\"design gr\u00e1fico\" srcset=\"http:\/\/jota.com.br\/jota\/wp-content\/uploads\/2016\/10\/cartaovisita.jpg 592w, http:\/\/jota.com.br\/jota\/wp-content\/uploads\/2016\/10\/cartaovisita-300x190.jpg 300w\" sizes=\"auto, (max-width: 592px) 100vw, 592px\" \/><\/a>\n\t\t\t\t<\/div>\n\t\t\t\n\t\t\t<h1 class=\"entry-title\"><a href=\"http:\/\/jota.com.br\/jota\/2016\/10\/12\/a-importancia-de-um-bom-cartao-de-visitas-para-sua-empresa\/\" title=\"Permalink to A import\u00e2ncia de um bom cart\u00e3o de visitas para sua empresa\" rel=\"bookmark\">A import\u00e2ncia de um bom cart\u00e3o de visitas para sua empresa<\/a><\/h1>\n\n\t\t\t\t\t\t\t<div class=\"entry-meta\">\n\t\t\t\t\tPosted on <a href=\"http:\/\/jota.com.br\/jota\/2016\/10\/12\/a-importancia-de-um-bom-cartao-de-visitas-para-sua-empresa\/\" title=\"22:35\" rel=\"bookmark\"><time class=\"entry-date\" datetime=\"2016-10-12T22:35:48-03:00\">12 de outubro de 2016<\/time><\/a><time class=\"updated\" datetime=\"2016-10-12T22:39:59-03:00\">12 de outubro de 2016<\/time>   | <span class=\"comments-link\"><a href=\"http:\/\/jota.com.br\/jota\/2016\/10\/12\/a-importancia-de-um-bom-cartao-de-visitas-para-sua-empresa\/#respond\">Nenhum coment\u00e1rio<\/a><\/span>\t\t\t\t<\/div><!-- .entry-meta -->\n\t\t\t\n\t\t<\/header><!-- .entry-header -->\n\n\t\t\t\t\t<div class=\"entry-content\">\n\t\t\t\t<p>O cart\u00e3o de visitas da empresa \u00e9 o aperto de m\u00e3o que deixamos com algu\u00e9m. \u00c9 imprescind\u00edvel no mundo dos neg\u00f3cios, e quando entregue serve como uma senha para que, de posse dele, a pessoa sinta-se \u00e0 vontade para estabelecer contato. O cart\u00e3o de visitas \u00e9 a representa\u00e7\u00e3o da empresa que \u00e9 entregue para um [&hellip;]<\/p>\n\t\t\t\t\t\t\t\t<a class=\"more-link\" href=\"http:\/\/jota.com.br\/jota\/2016\/10\/12\/a-importancia-de-um-bom-cartao-de-visitas-para-sua-empresa\/\">Leia mais...<span class=\"meta-nav\">&rarr;<\/span><\/a>\t\t\t\t\t\t\t<\/div><!-- .entry-content -->\n\t\t\n\t\t\n\t<\/div>\n\n<\/article><!-- #post-243 -->\n\n\t\n\t\t\n<article id=\"post-36\" class=\"post-36 post type-post status-publish format-standard has-post-thumbnail hentry category-arte tag-arte tag-sorvete post-with-thumbnail post-with-thumbnail-large\">\n\n\t\n\t<div class=\"entry-main\">\n\n\t\t\n\t\t<header class=\"entry-header\">\n\t\t\t\t\t\t\t<div class=\"entry-thumbnail\">\n\t\t\t\t\t<a href=\"http:\/\/jota.com.br\/jota\/2016\/10\/12\/artista-usa-sorvete-derretido-para-criar-pinturas-originais\/\"><img loading=\"lazy\" decoding=\"async\" width=\"650\" height=\"380\" src=\"http:\/\/jota.com.br\/jota\/wp-content\/uploads\/2016\/10\/OthmanToma1-650x380.jpg\" class=\"attachment-post-thumbnail size-post-thumbnail wp-post-image\" alt=\"\" \/><\/a>\n\t\t\t\t<\/div>\n\t\t\t\n\t\t\t<h1 class=\"entry-title\"><a href=\"http:\/\/jota.com.br\/jota\/2016\/10\/12\/artista-usa-sorvete-derretido-para-criar-pinturas-originais\/\" title=\"Permalink to Artista usa sorvete derretido para criar pinturas originais\" rel=\"bookmark\">Artista usa sorvete derretido para criar pinturas originais<\/a><\/h1>\n\n\t\t\t\t\t\t\t<div class=\"entry-meta\">\n\t\t\t\t\tPosted on <a href=\"http:\/\/jota.com.br\/jota\/2016\/10\/12\/artista-usa-sorvete-derretido-para-criar-pinturas-originais\/\" title=\"12:04\" rel=\"bookmark\"><time class=\"entry-date\" datetime=\"2016-10-12T12:04:38-03:00\">12 de outubro de 2016<\/time><\/a><time class=\"updated\" datetime=\"2016-10-12T12:04:38-03:00\">12 de outubro de 2016<\/time>   | <span class=\"comments-link\"><a href=\"http:\/\/jota.com.br\/jota\/2016\/10\/12\/artista-usa-sorvete-derretido-para-criar-pinturas-originais\/#respond\">Nenhum coment\u00e1rio<\/a><\/span>\t\t\t\t<\/div><!-- .entry-meta -->\n\t\t\t\n\t\t<\/header><!-- .entry-header -->\n\n\t\t\t\t\t<div class=\"entry-content\">\n\t\t\t\t<p>Em vez de usar a aquarela para criar suas pinturas, o artista de Bagd\u00e1, Othman Toma, usa todos os tipos de guloseimas que derretem como seu meio. Quando as barras de sorvete de chocolate e picol\u00e9s coloridos come\u00e7am a derreter, Toma usa o l\u00edquido com pinc\u00e9is e come\u00e7a a pintar. S\u00e3o le\u00f5es e tigres que [&hellip;]<\/p>\n\t\t\t\t\t\t\t\t<a class=\"more-link\" href=\"http:\/\/jota.com.br\/jota\/2016\/10\/12\/artista-usa-sorvete-derretido-para-criar-pinturas-originais\/\">Leia mais...<span class=\"meta-nav\">&rarr;<\/span><\/a>\t\t\t\t\t\t\t<\/div><!-- .entry-content -->\n\t\t\n\t\t\n\t<\/div>\n\n<\/article><!-- #post-36 -->\n\n\t\n\t\t\n<article id=\"post-25\" class=\"post-25 post type-post status-publish format-standard has-post-thumbnail hentry category-webdesign post-with-thumbnail post-with-thumbnail-large\">\n\n\t\n\t<div class=\"entry-main\">\n\n\t\t\n\t\t<header class=\"entry-header\">\n\t\t\t\t\t\t\t<div class=\"entry-thumbnail\">\n\t\t\t\t\t<a href=\"http:\/\/jota.com.br\/jota\/2016\/01\/12\/25\/\"><img loading=\"lazy\" decoding=\"async\" width=\"500\" height=\"380\" src=\"http:\/\/jota.com.br\/jota\/wp-content\/uploads\/2016\/10\/topbreeders-500x380.jpg\" class=\"attachment-post-thumbnail size-post-thumbnail wp-post-image\" alt=\"\" \/><\/a>\n\t\t\t\t<\/div>\n\t\t\t\n\t\t\t<h1 class=\"entry-title\"><a href=\"http:\/\/jota.com.br\/jota\/2016\/01\/12\/25\/\" title=\"Permalink to Site TopBreeders\" rel=\"bookmark\">Site TopBreeders<\/a><\/h1>\n\n\t\t\t\t\t\t\t<div class=\"entry-meta\">\n\t\t\t\t\tPosted on <a href=\"http:\/\/jota.com.br\/jota\/2016\/01\/12\/25\/\" title=\"11:51\" rel=\"bookmark\"><time class=\"entry-date\" datetime=\"2016-01-12T11:51:35-02:00\">12 de janeiro de 2016<\/time><\/a><time class=\"updated\" datetime=\"2016-10-12T12:01:20-03:00\">12 de outubro de 2016<\/time>   | <span class=\"comments-link\"><a href=\"http:\/\/jota.com.br\/jota\/2016\/01\/12\/25\/#respond\">Nenhum coment\u00e1rio<\/a><\/span>\t\t\t\t<\/div><!-- .entry-meta -->\n\t\t\t\n\t\t<\/header><!-- .entry-header -->\n\n\t\t\t\t\t<div class=\"entry-content\">\n\t\t\t\t<p>O LEIL\u00c3O DE CAVALOS TOPBREEDERS GANHOU UM CAT\u00c1LOGO ON-LINE DESENVOLVIDO PELA JOTA DESIGN. TopBreeders foi um leil\u00e3o virtual de cavalos que aconteceu em setembro deste ano. A Jota Design criou a logo do leil\u00e3o e tamb\u00e9m desenvolveu o site com o cat\u00e1logo dos animais a venda. &nbsp;<\/p>\n\t\t\t\t\t\t\t\t<a class=\"more-link\" href=\"http:\/\/jota.com.br\/jota\/2016\/01\/12\/25\/\">Leia mais...<span class=\"meta-nav\">&rarr;<\/span><\/a>\t\t\t\t\t\t\t<\/div><!-- .entry-content -->\n\t\t\n\t\t\n\t<\/div>\n\n<\/article><!-- #post-25 -->\n\n\t\n\t\t\n<article id=\"post-29\" class=\"post-29 post type-post status-publish format-standard has-post-thumbnail hentry category-branding post-with-thumbnail post-with-thumbnail-large\">\n\n\t\n\t<div class=\"entry-main\">\n\n\t\t\n\t\t<header class=\"entry-header\">\n\t\t\t\t\t\t\t<div class=\"entry-thumbnail\">\n\t\t\t\t\t<a href=\"http:\/\/jota.com.br\/jota\/2015\/12\/12\/logo-cleanstable\/\"><img loading=\"lazy\" decoding=\"async\" width=\"300\" height=\"133\" src=\"http:\/\/jota.com.br\/jota\/wp-content\/uploads\/2016\/10\/CleanStableLogo_cor.jpg\" class=\"attachment-post-thumbnail size-post-thumbnail wp-post-image\" alt=\"\" \/><\/a>\n\t\t\t\t<\/div>\n\t\t\t\n\t\t\t<h1 class=\"entry-title\"><a href=\"http:\/\/jota.com.br\/jota\/2015\/12\/12\/logo-cleanstable\/\" title=\"Permalink to Logo CleanStable\" rel=\"bookmark\">Logo CleanStable<\/a><\/h1>\n\n\t\t\t\t\t\t\t<div class=\"entry-meta\">\n\t\t\t\t\tPosted on <a href=\"http:\/\/jota.com.br\/jota\/2015\/12\/12\/logo-cleanstable\/\" title=\"11:53\" rel=\"bookmark\"><time class=\"entry-date\" datetime=\"2015-12-12T11:53:07-02:00\">12 de dezembro de 2015<\/time><\/a><time class=\"updated\" datetime=\"2016-10-12T12:00:47-03:00\">12 de outubro de 2016<\/time>   | <span class=\"comments-link\"><a href=\"http:\/\/jota.com.br\/jota\/2015\/12\/12\/logo-cleanstable\/#respond\">Nenhum coment\u00e1rio<\/a><\/span>\t\t\t\t<\/div><!-- .entry-meta -->\n\t\t\t\n\t\t<\/header><!-- .entry-header -->\n\n\t\t\t\t\t<div class=\"entry-content\">\n\t\t\t\t<p>A JOTA DESIGN DESENVOLVEU MAIS UMA LOGO PARA CLIENTE DO MERCADO EQUESTRE. Dessa vez foi a logo da CleanStable, uma empresa que produz e vende serragem e cepilho para cama de cavalos. &nbsp;<\/p>\n\t\t\t\t\t\t\t\t<a class=\"more-link\" href=\"http:\/\/jota.com.br\/jota\/2015\/12\/12\/logo-cleanstable\/\">Leia mais...<span class=\"meta-nav\">&rarr;<\/span><\/a>\t\t\t\t\t\t\t<\/div><!-- .entry-content -->\n\t\t\n\t\t\n\t<\/div>\n\n<\/article><!-- #post-29 -->\n\n\t\n\t\t\n<article id=\"post-64\" class=\"post-64 post type-post status-publish format-standard has-post-thumbnail hentry category-fotolivro post-with-thumbnail post-with-thumbnail-large\">\n\n\t\n\t<div class=\"entry-main\">\n\n\t\t\n\t\t<header class=\"entry-header\">\n\t\t\t\t\t\t\t<div class=\"entry-thumbnail\">\n\t\t\t\t\t<a href=\"http:\/\/jota.com.br\/jota\/2014\/05\/12\/livro-para-fotografo\/\"><img loading=\"lazy\" decoding=\"async\" width=\"440\" height=\"380\" src=\"http:\/\/jota.com.br\/jota\/wp-content\/uploads\/2016\/10\/david_peixoto3-440x380.jpg\" class=\"attachment-post-thumbnail size-post-thumbnail wp-post-image\" alt=\"\" \/><\/a>\n\t\t\t\t<\/div>\n\t\t\t\n\t\t\t<h1 class=\"entry-title\"><a href=\"http:\/\/jota.com.br\/jota\/2014\/05\/12\/livro-para-fotografo\/\" title=\"Permalink to Livro para fot\u00f3grafo\" rel=\"bookmark\">Livro para fot\u00f3grafo<\/a><\/h1>\n\n\t\t\t\t\t\t\t<div class=\"entry-meta\">\n\t\t\t\t\tPosted on <a href=\"http:\/\/jota.com.br\/jota\/2014\/05\/12\/livro-para-fotografo\/\" title=\"12:38\" rel=\"bookmark\"><time class=\"entry-date\" datetime=\"2014-05-12T12:38:27-03:00\">12 de maio de 2014<\/time><\/a><time class=\"updated\" datetime=\"2016-10-12T12:40:16-03:00\">12 de outubro de 2016<\/time>   | <span class=\"comments-link\"><a href=\"http:\/\/jota.com.br\/jota\/2014\/05\/12\/livro-para-fotografo\/#respond\">Nenhum coment\u00e1rio<\/a><\/span>\t\t\t\t<\/div><!-- .entry-meta -->\n\t\t\t\n\t\t<\/header><!-- .entry-header -->\n\n\t\t\t\t\t<div class=\"entry-content\">\n\t\t\t\t<p>O fot\u00f3grafo David Peixoto procurou a Jota Design para diagramar um livro com seu ensaio \u201cAbandono\u201d. Com fotos feitas em ferro velhos e locais abandonados as lindas imagens ganharam espa\u00e7o em um fotolivro de capa dura impresso pela Digipix.<\/p>\n\t\t\t\t\t\t\t\t<a class=\"more-link\" href=\"http:\/\/jota.com.br\/jota\/2014\/05\/12\/livro-para-fotografo\/\">Leia mais...<span class=\"meta-nav\">&rarr;<\/span><\/a>\t\t\t\t\t\t\t<\/div><!-- .entry-content -->\n\t\t\n\t\t\n\t<\/div>\n\n<\/article><!-- #post-64 -->\n\n\t\n\t\t\t<nav id=\"nav-below\" class=\"site-navigation paging-navigation\">\n\t\t\t<h2 class=\"assistive-text\">Post navigation<\/h2>\n\n\t\t\t<div class='pagination'><span aria-current=\"page\" class=\"page-numbers current\">1<\/span>\n<a class=\"page-numbers\" href=\"http:\/\/jota.com.br\/jota\/wp-json\/wp\/v2\/pages\/61\/page\/2\/\">2<\/a>\n<a class=\"next page-numbers\" href=\"http:\/\/jota.com.br\/jota\/wp-json\/wp\/v2\/pages\/61\/page\/2\/\">Pr\u00f3ximo &raquo;<\/a><\/div>\n\n\t\t<\/nav><!-- #nav-below -->\n\t\t\n<\/div><\/div><\/div><\/div>","protected":false},"excerpt":{"rendered":"","protected":false},"author":1,"featured_media":0,"parent":0,"menu_order":0,"comment_status":"closed","ping_status":"closed","template":"","meta":{"jetpack_post_was_ever_published":false,"footnotes":""},"class_list":["post-61","page","type-page","status-publish","hentry","post","post-with-thumbnail","post-with-thumbnail-large"],"jetpack_sharing_enabled":true,"jetpack_shortlink":"https:\/\/wp.me\/P7ZYcO-Z","_links":{"self":[{"href":"http:\/\/jota.com.br\/jota\/wp-json\/wp\/v2\/pages\/61","targetHints":{"allow":["GET"]}}],"collection":[{"href":"http:\/\/jota.com.br\/jota\/wp-json\/wp\/v2\/pages"}],"about":[{"href":"http:\/\/jota.com.br\/jota\/wp-json\/wp\/v2\/types\/page"}],"author":[{"embeddable":true,"href":"http:\/\/jota.com.br\/jota\/wp-json\/wp\/v2\/users\/1"}],"replies":[{"embeddable":true,"href":"http:\/\/jota.com.br\/jota\/wp-json\/wp\/v2\/comments?post=61"}],"version-history":[{"count":1,"href":"http:\/\/jota.com.br\/jota\/wp-json\/wp\/v2\/pages\/61\/revisions"}],"predecessor-version":[{"id":62,"href":"http:\/\/jota.com.br\/jota\/wp-json\/wp\/v2\/pages\/61\/revisions\/62"}],"wp:attachment":[{"href":"http:\/\/jota.com.br\/jota\/wp-json\/wp\/v2\/media?parent=61"}],"curies":[{"name":"wp","href":"https:\/\/api.w.org\/{rel}","templated":true}]}}