{"id":220,"date":"2016-10-12T21:33:58","date_gmt":"2016-10-13T00:33:58","guid":{"rendered":"http:\/\/jota.com.br\/jota\/?page_id=220"},"modified":"2022-09-26T16:28:58","modified_gmt":"2022-09-26T19:28:58","slug":"web-design","status":"publish","type":"page","link":"http:\/\/jota.com.br\/jota\/web-design\/","title":{"rendered":"WEB DESIGN"},"content":{"rendered":"<div id=\"pl-220\"  class=\"panel-layout\" ><div id=\"pg-220-0\"  class=\"panel-grid panel-no-style\" ><div id=\"pgc-220-0-0\"  class=\"panel-grid-cell\" ><div id=\"panel-220-0-0-0\" class=\"so-panel widget widget_sow-image panel-first-child panel-last-child\" data-index=\"0\" ><div\n\t\t\t\n\t\t\tclass=\"so-widget-sow-image so-widget-sow-image-default-8b5b6f678277-220\"\n\t\t\t\n\t\t>\n<div class=\"sow-image-container\">\n\t\t\t<a href=\"https:\/\/www.tecbombas.com.br\/\"\n\t\t\ttarget=\"_blank\" rel=\"noopener noreferrer\" \t\t>\n\t\t\t<img loading=\"lazy\" decoding=\"async\" src=\"http:\/\/jota.com.br\/jota\/wp-content\/uploads\/2016\/10\/tecbombas-300x152.jpg\" width=\"300\" height=\"152\" srcset=\"http:\/\/jota.com.br\/jota\/wp-content\/uploads\/2016\/10\/tecbombas-300x152.jpg 300w, http:\/\/jota.com.br\/jota\/wp-content\/uploads\/2016\/10\/tecbombas-768x390.jpg 768w, http:\/\/jota.com.br\/jota\/wp-content\/uploads\/2016\/10\/tecbombas-1024x519.jpg 1024w, http:\/\/jota.com.br\/jota\/wp-content\/uploads\/2016\/10\/tecbombas.jpg 1366w\" sizes=\"auto, (max-width: 300px) 100vw, 300px\" title=\"TecBombas Bombas Hidr\u00e1ulicas\" alt=\"\" \t\tclass=\"so-widget-image\"\/>\n\t<\/a><\/div>\n\n<h3 class=\"widget-title\">TecBombas Bombas Hidr\u00e1ulicas<\/h3><\/div><\/div><\/div><div id=\"pgc-220-0-1\"  class=\"panel-grid-cell\" ><div id=\"panel-220-0-1-0\" class=\"so-panel widget widget_sow-image panel-first-child panel-last-child\" data-index=\"1\" ><div\n\t\t\t\n\t\t\tclass=\"so-widget-sow-image so-widget-sow-image-default-8b5b6f678277-220\"\n\t\t\t\n\t\t>\n<div class=\"sow-image-container\">\n\t\t\t<a href=\"http:\/\/tackpro.com.br\/\"\n\t\t\ttarget=\"_blank\" rel=\"noopener noreferrer\" \t\t>\n\t\t\t<img loading=\"lazy\" decoding=\"async\" src=\"http:\/\/jota.com.br\/jota\/wp-content\/uploads\/2016\/10\/tackpro-300x152.jpg\" width=\"300\" height=\"152\" srcset=\"http:\/\/jota.com.br\/jota\/wp-content\/uploads\/2016\/10\/tackpro-300x152.jpg 300w, http:\/\/jota.com.br\/jota\/wp-content\/uploads\/2016\/10\/tackpro-768x390.jpg 768w, http:\/\/jota.com.br\/jota\/wp-content\/uploads\/2016\/10\/tackpro-1024x519.jpg 1024w, http:\/\/jota.com.br\/jota\/wp-content\/uploads\/2016\/10\/tackpro.jpg 1366w\" sizes=\"auto, (max-width: 300px) 100vw, 300px\" title=\"TackPro Equipamentos H\u00edpicos\" alt=\"\" \t\tclass=\"so-widget-image\"\/>\n\t<\/a><\/div>\n\n<h3 class=\"widget-title\">TackPro Equipamentos H\u00edpicos<\/h3><\/div><\/div><\/div><div id=\"pgc-220-0-2\"  class=\"panel-grid-cell\" ><div id=\"panel-220-0-2-0\" class=\"so-panel widget widget_sow-image panel-first-child panel-last-child\" data-index=\"2\" ><div\n\t\t\t\n\t\t\tclass=\"so-widget-sow-image so-widget-sow-image-default-8b5b6f678277-220\"\n\t\t\t\n\t\t>\n<div class=\"sow-image-container\">\n\t\t\t<a href=\"http:\/\/www.fsmh.com.br\/\"\n\t\t\ttarget=\"_blank\" rel=\"noopener noreferrer\" \t\t>\n\t\t\t<img loading=\"lazy\" decoding=\"async\" src=\"http:\/\/jota.com.br\/jota\/wp-content\/uploads\/2016\/10\/fsmh-300x152.jpg\" width=\"300\" height=\"152\" srcset=\"http:\/\/jota.com.br\/jota\/wp-content\/uploads\/2016\/10\/fsmh-300x152.jpg 300w, http:\/\/jota.com.br\/jota\/wp-content\/uploads\/2016\/10\/fsmh-768x390.jpg 768w, http:\/\/jota.com.br\/jota\/wp-content\/uploads\/2016\/10\/fsmh-1024x519.jpg 1024w, http:\/\/jota.com.br\/jota\/wp-content\/uploads\/2016\/10\/fsmh.jpg 1366w\" sizes=\"auto, (max-width: 300px) 100vw, 300px\" title=\"Federa\u00e7\u00e3o Sul-Matogrossense de Hipismo\" alt=\"\" \t\tclass=\"so-widget-image\"\/>\n\t<\/a><\/div>\n\n<h3 class=\"widget-title\">Federa\u00e7\u00e3o Sul-Matogrossense de Hipismo<\/h3><\/div><\/div><\/div><\/div><div id=\"pg-220-1\"  class=\"panel-grid panel-no-style\" ><div id=\"pgc-220-1-0\"  class=\"panel-grid-cell\" ><div id=\"panel-220-1-0-0\" class=\"so-panel widget widget_sow-image panel-first-child panel-last-child\" data-index=\"3\" ><div\n\t\t\t\n\t\t\tclass=\"so-widget-sow-image so-widget-sow-image-default-8b5b6f678277-220\"\n\t\t\t\n\t\t>\n<div class=\"sow-image-container\">\n\t\t\t<a href=\"http:\/\/freezerpoint.com.br\/\"\n\t\t\ttarget=\"_blank\" rel=\"noopener noreferrer\" \t\t>\n\t\t\t<img loading=\"lazy\" decoding=\"async\" src=\"http:\/\/jota.com.br\/jota\/wp-content\/uploads\/2016\/10\/freezer-300x152.jpg\" width=\"300\" height=\"152\" srcset=\"http:\/\/jota.com.br\/jota\/wp-content\/uploads\/2016\/10\/freezer-300x152.jpg 300w, http:\/\/jota.com.br\/jota\/wp-content\/uploads\/2016\/10\/freezer-768x390.jpg 768w, http:\/\/jota.com.br\/jota\/wp-content\/uploads\/2016\/10\/freezer-1024x519.jpg 1024w, http:\/\/jota.com.br\/jota\/wp-content\/uploads\/2016\/10\/freezer.jpg 1366w\" sizes=\"auto, (max-width: 300px) 100vw, 300px\" title=\"Loja de utensilios\" alt=\"\" \t\tclass=\"so-widget-image\"\/>\n\t<\/a><\/div>\n\n<h3 class=\"widget-title\">Loja de utensilios<\/h3><\/div><\/div><\/div><div id=\"pgc-220-1-1\"  class=\"panel-grid-cell\" ><div id=\"panel-220-1-1-0\" class=\"so-panel widget widget_sow-image panel-first-child panel-last-child\" data-index=\"4\" ><div\n\t\t\t\n\t\t\tclass=\"so-widget-sow-image so-widget-sow-image-default-8b5b6f678277-220\"\n\t\t\t\n\t\t>\n<div class=\"sow-image-container\">\n\t\t\t<a href=\"http:\/\/fazendagermina.com.br\/\"\n\t\t\ttarget=\"_blank\" rel=\"noopener noreferrer\" \t\t>\n\t\t\t<img loading=\"lazy\" decoding=\"async\" src=\"http:\/\/jota.com.br\/jota\/wp-content\/uploads\/2016\/10\/fazenda-300x152.jpg\" width=\"300\" height=\"152\" srcset=\"http:\/\/jota.com.br\/jota\/wp-content\/uploads\/2016\/10\/fazenda-300x152.jpg 300w, http:\/\/jota.com.br\/jota\/wp-content\/uploads\/2016\/10\/fazenda-768x390.jpg 768w, http:\/\/jota.com.br\/jota\/wp-content\/uploads\/2016\/10\/fazenda-1024x519.jpg 1024w, http:\/\/jota.com.br\/jota\/wp-content\/uploads\/2016\/10\/fazenda.jpg 1366w\" sizes=\"auto, (max-width: 300px) 100vw, 300px\" title=\"Fazenda Germina Sementes e Pecu\u00e1ria de Leite\" alt=\"\" \t\tclass=\"so-widget-image\"\/>\n\t<\/a><\/div>\n\n<h3 class=\"widget-title\">Fazenda Germina Sementes e Pecu\u00e1ria de Leite<\/h3><\/div><\/div><\/div><div id=\"pgc-220-1-2\"  class=\"panel-grid-cell\" ><div id=\"panel-220-1-2-0\" class=\"so-panel widget widget_sow-image panel-first-child panel-last-child\" data-index=\"5\" ><div\n\t\t\t\n\t\t\tclass=\"so-widget-sow-image so-widget-sow-image-default-8b5b6f678277-220\"\n\t\t\t\n\t\t>\n<div class=\"sow-image-container\">\n\t\t\t<a href=\"https:\/\/crescerepediatria.com.br\"\n\t\t\ttarget=\"_blank\" rel=\"noopener noreferrer\" \t\t>\n\t\t\t<img loading=\"lazy\" decoding=\"async\" src=\"http:\/\/jota.com.br\/jota\/wp-content\/uploads\/2016\/10\/crescere-300x152.jpg\" width=\"300\" height=\"152\" srcset=\"http:\/\/jota.com.br\/jota\/wp-content\/uploads\/2016\/10\/crescere-300x152.jpg 300w, http:\/\/jota.com.br\/jota\/wp-content\/uploads\/2016\/10\/crescere-768x390.jpg 768w, http:\/\/jota.com.br\/jota\/wp-content\/uploads\/2016\/10\/crescere-1024x519.jpg 1024w, http:\/\/jota.com.br\/jota\/wp-content\/uploads\/2016\/10\/crescere.jpg 1366w\" sizes=\"auto, (max-width: 300px) 100vw, 300px\" title=\"Crescere Pediatria\" alt=\"\" \t\tclass=\"so-widget-image\"\/>\n\t<\/a><\/div>\n\n<h3 class=\"widget-title\">Crescere Pediatria<\/h3><\/div><\/div><\/div><\/div><div id=\"pg-220-2\"  class=\"panel-grid panel-no-style\" ><div id=\"pgc-220-2-0\"  class=\"panel-grid-cell\" ><div id=\"panel-220-2-0-0\" class=\"so-panel widget widget_sow-image panel-first-child panel-last-child\" data-index=\"6\" ><div\n\t\t\t\n\t\t\tclass=\"so-widget-sow-image so-widget-sow-image-default-8b5b6f678277-220\"\n\t\t\t\n\t\t>\n<div class=\"sow-image-container\">\n\t\t\t<a href=\"http:\/\/andersontonon.com.br\/\"\n\t\t\ttarget=\"_blank\" rel=\"noopener noreferrer\" \t\t>\n\t\t\t<img loading=\"lazy\" decoding=\"async\" src=\"http:\/\/jota.com.br\/jota\/wp-content\/uploads\/2016\/10\/anderson-300x188.jpg\" width=\"300\" height=\"188\" srcset=\"http:\/\/jota.com.br\/jota\/wp-content\/uploads\/2016\/10\/anderson-300x188.jpg 300w, http:\/\/jota.com.br\/jota\/wp-content\/uploads\/2016\/10\/anderson.jpg 400w\" sizes=\"auto, (max-width: 300px) 100vw, 300px\" title=\"Equipe Tonon de Hipismo\" alt=\"\" \t\tclass=\"so-widget-image\"\/>\n\t<\/a><\/div>\n\n<h3 class=\"widget-title\">Equipe Tonon de Hipismo<\/h3><\/div><\/div><\/div><div id=\"pgc-220-2-1\"  class=\"panel-grid-cell\" ><div id=\"panel-220-2-1-0\" class=\"so-panel widget widget_sow-image panel-first-child panel-last-child\" data-index=\"7\" ><div\n\t\t\t\n\t\t\tclass=\"so-widget-sow-image so-widget-sow-image-default-8b5b6f678277-220\"\n\t\t\t\n\t\t>\n<div class=\"sow-image-container\">\n\t\t\t<a href=\"http:\/\/padv.com.br\/\"\n\t\t\ttarget=\"_blank\" rel=\"noopener noreferrer\" \t\t>\n\t\t\t<img loading=\"lazy\" decoding=\"async\" src=\"http:\/\/jota.com.br\/jota\/wp-content\/uploads\/2016\/10\/padv-300x146.jpg\" width=\"300\" height=\"146\" srcset=\"http:\/\/jota.com.br\/jota\/wp-content\/uploads\/2016\/10\/padv-300x146.jpg 300w, http:\/\/jota.com.br\/jota\/wp-content\/uploads\/2016\/10\/padv.jpg 400w\" sizes=\"auto, (max-width: 300px) 100vw, 300px\" title=\"Paulo Alarc\u00f3n - Advogados Associados\" alt=\"\" \t\tclass=\"so-widget-image\"\/>\n\t<\/a><\/div>\n\n<h3 class=\"widget-title\">Paulo Alarc\u00f3n - Advogados Associados<\/h3><\/div><\/div><\/div><div id=\"pgc-220-2-2\"  class=\"panel-grid-cell\" ><div id=\"panel-220-2-2-0\" class=\"so-panel widget widget_sow-image panel-first-child panel-last-child\" data-index=\"8\" ><div\n\t\t\t\n\t\t\tclass=\"so-widget-sow-image so-widget-sow-image-default-8b5b6f678277-220\"\n\t\t\t\n\t\t>\n<div class=\"sow-image-container\">\n\t\t\t<a href=\"http:\/\/harasfb.com.br\/\"\n\t\t\ttarget=\"_blank\" rel=\"noopener noreferrer\" \t\t>\n\t\t\t<img loading=\"lazy\" decoding=\"async\" src=\"http:\/\/jota.com.br\/jota\/wp-content\/uploads\/2016\/10\/fb-300x152.jpg\" width=\"300\" height=\"152\" srcset=\"http:\/\/jota.com.br\/jota\/wp-content\/uploads\/2016\/10\/fb-300x152.jpg 300w, http:\/\/jota.com.br\/jota\/wp-content\/uploads\/2016\/10\/fb-768x390.jpg 768w, http:\/\/jota.com.br\/jota\/wp-content\/uploads\/2016\/10\/fb-1024x519.jpg 1024w, http:\/\/jota.com.br\/jota\/wp-content\/uploads\/2016\/10\/fb.jpg 1366w\" sizes=\"auto, (max-width: 300px) 100vw, 300px\" title=\"Haras FB Cavalos de hipismo\" alt=\"\" \t\tclass=\"so-widget-image\"\/>\n\t<\/a><\/div>\n\n<h3 class=\"widget-title\">Haras FB Cavalos de hipismo<\/h3><\/div><\/div><\/div><\/div><div id=\"pg-220-3\"  class=\"panel-grid panel-no-style\" ><div id=\"pgc-220-3-0\"  class=\"panel-grid-cell\" ><div id=\"panel-220-3-0-0\" class=\"so-panel widget widget_sow-image panel-first-child panel-last-child\" data-index=\"9\" ><div\n\t\t\t\n\t\t\tclass=\"so-widget-sow-image so-widget-sow-image-default-8b5b6f678277-220\"\n\t\t\t\n\t\t>\n<div class=\"sow-image-container\">\n\t\t\t<a href=\"https:\/\/etmbus.com.br\/\"\n\t\t\ttarget=\"_blank\" rel=\"noopener noreferrer\" \t\t>\n\t\t\t<img loading=\"lazy\" decoding=\"async\" src=\"http:\/\/jota.com.br\/jota\/wp-content\/uploads\/2016\/10\/siteetm-300x139.jpg\" width=\"300\" height=\"139\" srcset=\"http:\/\/jota.com.br\/jota\/wp-content\/uploads\/2016\/10\/siteetm-300x139.jpg 300w, http:\/\/jota.com.br\/jota\/wp-content\/uploads\/2016\/10\/siteetm.jpg 400w\" sizes=\"auto, (max-width: 300px) 100vw, 300px\" title=\"ETM Mairipor\u00e3\" alt=\"\" \t\tclass=\"so-widget-image\"\/>\n\t<\/a><\/div>\n\n<h3 class=\"widget-title\">ETM Mairipor\u00e3<\/h3><\/div><\/div><\/div><div id=\"pgc-220-3-1\"  class=\"panel-grid-cell\" ><div id=\"panel-220-3-1-0\" class=\"so-panel widget widget_sow-image panel-first-child panel-last-child\" data-index=\"10\" ><div\n\t\t\t\n\t\t\tclass=\"so-widget-sow-image so-widget-sow-image-default-8b5b6f678277-220\"\n\t\t\t\n\t\t>\n<div class=\"sow-image-container\">\n\t\t\t<a href=\"http:\/\/harasadal.com.br\/\"\n\t\t\ttarget=\"_blank\" rel=\"noopener noreferrer\" \t\t>\n\t\t\t<img loading=\"lazy\" decoding=\"async\" src=\"http:\/\/jota.com.br\/jota\/wp-content\/uploads\/2016\/10\/adal-300x152.jpg\" width=\"300\" height=\"152\" srcset=\"http:\/\/jota.com.br\/jota\/wp-content\/uploads\/2016\/10\/adal-300x152.jpg 300w, http:\/\/jota.com.br\/jota\/wp-content\/uploads\/2016\/10\/adal-768x390.jpg 768w, http:\/\/jota.com.br\/jota\/wp-content\/uploads\/2016\/10\/adal-1024x519.jpg 1024w, http:\/\/jota.com.br\/jota\/wp-content\/uploads\/2016\/10\/adal.jpg 1366w\" sizes=\"auto, (max-width: 300px) 100vw, 300px\" title=\"Haras Adal Cria\u00e7\u00e3o de Cavalos\" alt=\"\" \t\tclass=\"so-widget-image\"\/>\n\t<\/a><\/div>\n\n<h3 class=\"widget-title\">Haras Adal Cria\u00e7\u00e3o de Cavalos<\/h3><\/div><\/div><\/div><div id=\"pgc-220-3-2\"  class=\"panel-grid-cell\" ><div id=\"panel-220-3-2-0\" class=\"so-panel widget widget_sow-image panel-first-child panel-last-child\" data-index=\"11\" ><div\n\t\t\t\n\t\t\tclass=\"so-widget-sow-image so-widget-sow-image-default-8b5b6f678277-220\"\n\t\t\t\n\t\t>\n<div class=\"sow-image-container\">\n\t\t\t<a href=\"https:\/\/www.adalequestrian.com.br\/\"\n\t\t\ttarget=\"_blank\" rel=\"noopener noreferrer\" \t\t>\n\t\t\t<img loading=\"lazy\" decoding=\"async\" src=\"http:\/\/jota.com.br\/jota\/wp-content\/uploads\/2016\/10\/adaloja-300x152.jpg\" width=\"300\" height=\"152\" srcset=\"http:\/\/jota.com.br\/jota\/wp-content\/uploads\/2016\/10\/adaloja-300x152.jpg 300w, http:\/\/jota.com.br\/jota\/wp-content\/uploads\/2016\/10\/adaloja-768x390.jpg 768w, http:\/\/jota.com.br\/jota\/wp-content\/uploads\/2016\/10\/adaloja-1024x519.jpg 1024w, http:\/\/jota.com.br\/jota\/wp-content\/uploads\/2016\/10\/adaloja.jpg 1366w\" sizes=\"auto, (max-width: 300px) 100vw, 300px\" title=\"Adal Equestrian Loja\" alt=\"\" \t\tclass=\"so-widget-image\"\/>\n\t<\/a><\/div>\n\n<h3 class=\"widget-title\">Adal Equestrian Loja<\/h3><\/div><\/div><\/div><\/div><\/div>","protected":false},"excerpt":{"rendered":"<p>TecBombas Bombas Hidr\u00e1ulicas TackPro Equipamentos H\u00edpicos Federa\u00e7\u00e3o Sul-Matogrossense de Hipismo Loja de utensilios Fazenda Germina Sementes e Pecu\u00e1ria de Leite Crescere Pediatria Equipe Tonon de Hipismo Paulo Alarc\u00f3n &#8211; Advogados Associados Haras FB Cavalos de hipismo ETM Mairipor\u00e3 Haras Adal Cria\u00e7\u00e3o de Cavalos Adal Equestrian Loja<\/p>\n","protected":false},"author":1,"featured_media":0,"parent":0,"menu_order":0,"comment_status":"closed","ping_status":"closed","template":"","meta":{"jetpack_post_was_ever_published":false,"footnotes":""},"class_list":["post-220","page","type-page","status-publish","hentry","post"],"jetpack_sharing_enabled":true,"jetpack_shortlink":"https:\/\/wp.me\/P7ZYcO-3y","_links":{"self":[{"href":"http:\/\/jota.com.br\/jota\/wp-json\/wp\/v2\/pages\/220","targetHints":{"allow":["GET"]}}],"collection":[{"href":"http:\/\/jota.com.br\/jota\/wp-json\/wp\/v2\/pages"}],"about":[{"href":"http:\/\/jota.com.br\/jota\/wp-json\/wp\/v2\/types\/page"}],"author":[{"embeddable":true,"href":"http:\/\/jota.com.br\/jota\/wp-json\/wp\/v2\/users\/1"}],"replies":[{"embeddable":true,"href":"http:\/\/jota.com.br\/jota\/wp-json\/wp\/v2\/comments?post=220"}],"version-history":[{"count":19,"href":"http:\/\/jota.com.br\/jota\/wp-json\/wp\/v2\/pages\/220\/revisions"}],"predecessor-version":[{"id":373,"href":"http:\/\/jota.com.br\/jota\/wp-json\/wp\/v2\/pages\/220\/revisions\/373"}],"wp:attachment":[{"href":"http:\/\/jota.com.br\/jota\/wp-json\/wp\/v2\/media?parent=220"}],"curies":[{"name":"wp","href":"https:\/\/api.w.org\/{rel}","templated":true}]}}